{"id":1352,"date":"2024-01-21T05:29:51","date_gmt":"2024-01-21T04:29:51","guid":{"rendered":"https:\/\/globalstudies.globalexperience.com.pe\/?page_id=1352"},"modified":"2026-03-26T15:40:37","modified_gmt":"2026-03-26T14:40:37","slug":"emiratos-arabes","status":"publish","type":"page","link":"https:\/\/globalstudies.globalexperience.com.pe\/en\/emiratos-arabes\/","title":{"rendered":"United Arab Emirates"},"content":{"rendered":"<div data-elementor-type=\"wp-page\" data-elementor-id=\"1352\" class=\"elementor elementor-1352\">\n\t\t\t\t<div class=\"wd-negative-gap elementor-element elementor-element-655b3dc wd-section-stretch e-flex e-con-boxed elementor-invisible e-con e-parent\" data-id=\"655b3dc\" data-element_type=\"container\" data-e-type=\"container\" data-settings=\"{&quot;background_background&quot;:&quot;classic&quot;,&quot;animation&quot;:&quot;fadeIn&quot;}\">\n\t\t\t\t\t<div class=\"e-con-inner\">\n\t\t\t\t<div class=\"elementor-element elementor-element-53e477d elementor-view-stacked elementor-shape-circle elementor-widget elementor-widget-icon\" data-id=\"53e477d\" data-element_type=\"widget\" data-e-type=\"widget\" data-widget_type=\"icon.default\">\n\t\t\t\t<div class=\"elementor-widget-container\">\n\t\t\t\t\t\t\t<div class=\"elementor-icon-wrapper\">\n\t\t\t<div class=\"elementor-icon\">\n\t\t\t<svg aria-hidden=\"true\" class=\"e-font-icon-svg e-fas-graduation-cap\" viewbox=\"0 0 640 512\" xmlns=\"http:\/\/www.w3.org\/2000\/svg\"><path d=\"M622.34 153.2L343.4 67.5c-15.2-4.67-31.6-4.67-46.79 0L17.66 153.2c-23.54 7.23-23.54 38.36 0 45.59l48.63 14.94c-10.67 13.19-17.23 29.28-17.88 46.9C38.78 266.15 32 276.11 32 288c0 10.78 5.68 19.85 13.86 25.65L20.33 428.53C18.11 438.52 25.71 448 35.94 448h56.11c10.24 0 17.84-9.48 15.62-19.47L82.14 313.65C90.32 307.85 96 298.78 96 288c0-11.57-6.47-21.25-15.66-26.87.76-15.02 8.44-28.3 20.69-36.72L296.6 284.5c9.06 2.78 26.44 6.25 46.79 0l278.95-85.7c23.55-7.24 23.55-38.36 0-45.6zM352.79 315.09c-28.53 8.76-52.84 3.92-65.59 0l-145.02-44.55L128 384c0 35.35 85.96 64 192 64s192-28.65 192-64l-14.18-113.47-145.03 44.56z\"><\/path><\/svg>\t\t\t<\/div>\n\t\t<\/div>\n\t\t\t\t\t\t<\/div>\n\t\t\t\t<\/div>\n\t\t\t\t<div class=\"elementor-element elementor-element-563f4ae wd-width-100 elementor-widget elementor-widget-wd_title\" data-id=\"563f4ae\" data-element_type=\"widget\" data-e-type=\"widget\" data-widget_type=\"wd_title.default\">\n\t\t\t\t<div class=\"elementor-widget-container\">\n\t\t\t\t\t\t\t<div class=\"title-wrapper wd-set-mb reset-last-child wd-title-color-default wd-title-style-default wd-title-size-extra-large text-center\">\n\n\t\t\t\n\t\t\t<div class=\"liner-continer\">\n\t\t\t\t<h1 class=\"woodmart-title-container title wd-fontsize-xxxl\">Estudia en Emiratos \u00c1rabes<\/h1> \n\t\t\t\t\t\t\t<\/div>\n\n\t\t\t\t\t<\/div>\n\t\t\t\t\t\t<\/div>\n\t\t\t\t<\/div>\n\t\t\t\t\t<\/div>\n\t\t\t\t<\/div>\n\t\t<div class=\"wd-negative-gap elementor-element elementor-element-515e911 e-flex e-con-boxed elementor-invisible e-con e-parent\" data-id=\"515e911\" data-element_type=\"container\" data-e-type=\"container\" data-settings=\"{&quot;animation&quot;:&quot;fadeInUp&quot;}\">\n\t\t\t\t\t<div class=\"e-con-inner\">\n\t\t<div class=\"elementor-element elementor-element-d62fa7b e-con-full e-flex e-con e-child\" data-id=\"d62fa7b\" data-element_type=\"container\" data-e-type=\"container\">\n\t\t\t\t<div class=\"elementor-element elementor-element-c02ae88 wd-width-100 elementor-widget elementor-widget-wd_title\" data-id=\"c02ae88\" data-element_type=\"widget\" data-e-type=\"widget\" data-widget_type=\"wd_title.default\">\n\t\t\t\t<div class=\"elementor-widget-container\">\n\t\t\t\t\t\t\t<div class=\"title-wrapper wd-set-mb reset-last-child wd-title-color-default wd-title-style-default wd-title-size-large text-center\">\n\n\t\t\t\t\t\t\t\t\t\t\t<div class=\"title-subtitle subtitle-color-default subtitle-style-default wd-fontsize-xs\">\n\t\t\t\t\tExclusive advantages\t\t\t\t<\/div>\n\t\t\t\n\t\t\t<div class=\"liner-continer\">\n\t\t\t\t<h2 class=\"woodmart-title-container title wd-fontsize-xxl\">Why study in the United Arab Emirates?<br \/>\n<\/h2> \n\t\t\t\t\t\t\t<\/div>\n\n\t\t\t\t\t<\/div>\n\t\t\t\t\t\t<\/div>\n\t\t\t\t<\/div>\n\t\t\t\t<\/div>\n\t\t<div class=\"elementor-element elementor-element-2750788 e-con-full e-grid e-con e-child\" data-id=\"2750788\" data-element_type=\"container\" data-e-type=\"container\">\n\t\t\t\t<div class=\"elementor-element elementor-element-09618f3 elementor-view-stacked elementor-shape-rounded elementor-position-inline-start elementor-mobile-position-inline-start elementor-widget elementor-widget-icon-box\" data-id=\"09618f3\" data-element_type=\"widget\" data-e-type=\"widget\" data-widget_type=\"icon-box.default\">\n\t\t\t\t<div class=\"elementor-widget-container\">\n\t\t\t\t\t\t\t<div class=\"elementor-icon-box-wrapper\">\n\n\t\t\t\t\t\t<div class=\"elementor-icon-box-icon\">\n\t\t\t\t<span  class=\"elementor-icon\">\n\t\t\t\t<svg aria-hidden=\"true\" class=\"e-font-icon-svg e-far-check-circle\" viewbox=\"0 0 512 512\" xmlns=\"http:\/\/www.w3.org\/2000\/svg\"><path d=\"M256 8C119.033 8 8 119.033 8 256s111.033 248 248 248 248-111.033 248-248S392.967 8 256 8zm0 48c110.532 0 200 89.451 200 200 0 110.532-89.451 200-200 200-110.532 0-200-89.451-200-200 0-110.532 89.451-200 200-200m140.204 130.267l-22.536-22.718c-4.667-4.705-12.265-4.736-16.97-.068L215.346 303.697l-59.792-60.277c-4.667-4.705-12.265-4.736-16.97-.069l-22.719 22.536c-4.705 4.667-4.736 12.265-.068 16.971l90.781 91.516c4.667 4.705 12.265 4.736 16.97.068l172.589-171.204c4.704-4.668 4.734-12.266.067-16.971z\"><\/path><\/svg>\t\t\t\t<\/span>\n\t\t\t<\/div>\n\t\t\t\n\t\t\t\t\t\t<div class=\"elementor-icon-box-content\">\n\n\t\t\t\t\n\t\t\t\t\t\t\t\t\t<p class=\"elementor-icon-box-description\">\n\t\t\t\t\t\tExisten muchas oportunidades de trabajo para que los estudiantes puedan generar ingresos mientras realizan sus estudios acad\u00e9micos.\t\t\t\t\t<\/p>\n\t\t\t\t\n\t\t\t<\/div>\n\t\t\t\n\t\t<\/div>\n\t\t\t\t\t\t<\/div>\n\t\t\t\t<\/div>\n\t\t\t\t<div class=\"elementor-element elementor-element-a279327 elementor-view-stacked elementor-shape-rounded elementor-position-inline-start elementor-mobile-position-inline-start elementor-widget elementor-widget-icon-box\" data-id=\"a279327\" data-element_type=\"widget\" data-e-type=\"widget\" data-widget_type=\"icon-box.default\">\n\t\t\t\t<div class=\"elementor-widget-container\">\n\t\t\t\t\t\t\t<div class=\"elementor-icon-box-wrapper\">\n\n\t\t\t\t\t\t<div class=\"elementor-icon-box-icon\">\n\t\t\t\t<span  class=\"elementor-icon\">\n\t\t\t\t<svg aria-hidden=\"true\" class=\"e-font-icon-svg e-far-check-circle\" viewbox=\"0 0 512 512\" xmlns=\"http:\/\/www.w3.org\/2000\/svg\"><path d=\"M256 8C119.033 8 8 119.033 8 256s111.033 248 248 248 248-111.033 248-248S392.967 8 256 8zm0 48c110.532 0 200 89.451 200 200 0 110.532-89.451 200-200 200-110.532 0-200-89.451-200-200 0-110.532 89.451-200 200-200m140.204 130.267l-22.536-22.718c-4.667-4.705-12.265-4.736-16.97-.068L215.346 303.697l-59.792-60.277c-4.667-4.705-12.265-4.736-16.97-.069l-22.719 22.536c-4.705 4.667-4.736 12.265-.068 16.971l90.781 91.516c4.667 4.705 12.265 4.736 16.97.068l172.589-171.204c4.704-4.668 4.734-12.266.067-16.971z\"><\/path><\/svg>\t\t\t\t<\/span>\n\t\t\t<\/div>\n\t\t\t\n\t\t\t\t\t\t<div class=\"elementor-icon-box-content\">\n\n\t\t\t\t\n\t\t\t\t\t\t\t\t\t<p class=\"elementor-icon-box-description\">\n\t\t\t\t\t\tEl ingl\u00e9s es el idioma fundamental del d\u00eda a d\u00eda, lo que permite una pr\u00e1ctica constante al vivir en este destino.\t\t\t\t\t<\/p>\n\t\t\t\t\n\t\t\t<\/div>\n\t\t\t\n\t\t<\/div>\n\t\t\t\t\t\t<\/div>\n\t\t\t\t<\/div>\n\t\t\t\t<div class=\"elementor-element elementor-element-ac533de elementor-view-stacked elementor-shape-rounded elementor-position-inline-start elementor-mobile-position-inline-start elementor-widget elementor-widget-icon-box\" data-id=\"ac533de\" data-element_type=\"widget\" data-e-type=\"widget\" data-widget_type=\"icon-box.default\">\n\t\t\t\t<div class=\"elementor-widget-container\">\n\t\t\t\t\t\t\t<div class=\"elementor-icon-box-wrapper\">\n\n\t\t\t\t\t\t<div class=\"elementor-icon-box-icon\">\n\t\t\t\t<span  class=\"elementor-icon\">\n\t\t\t\t<svg aria-hidden=\"true\" class=\"e-font-icon-svg e-far-check-circle\" viewbox=\"0 0 512 512\" xmlns=\"http:\/\/www.w3.org\/2000\/svg\"><path d=\"M256 8C119.033 8 8 119.033 8 256s111.033 248 248 248 248-111.033 248-248S392.967 8 256 8zm0 48c110.532 0 200 89.451 200 200 0 110.532-89.451 200-200 200-110.532 0-200-89.451-200-200 0-110.532 89.451-200 200-200m140.204 130.267l-22.536-22.718c-4.667-4.705-12.265-4.736-16.97-.068L215.346 303.697l-59.792-60.277c-4.667-4.705-12.265-4.736-16.97-.069l-22.719 22.536c-4.705 4.667-4.736 12.265-.068 16.971l90.781 91.516c4.667 4.705 12.265 4.736 16.97.068l172.589-171.204c4.704-4.668 4.734-12.266.067-16.971z\"><\/path><\/svg>\t\t\t\t<\/span>\n\t\t\t<\/div>\n\t\t\t\n\t\t\t\t\t\t<div class=\"elementor-icon-box-content\">\n\n\t\t\t\t\n\t\t\t\t\t\t\t\t\t<p class=\"elementor-icon-box-description\">\n\t\t\t\t\t\tEstudiar y vivir en Emiratos \u00c1rabes resulta econ\u00f3mico, facilitando la gesti\u00f3n de los gastos personales de los alumnos extranjeros.\t\t\t\t\t<\/p>\n\t\t\t\t\n\t\t\t<\/div>\n\t\t\t\n\t\t<\/div>\n\t\t\t\t\t\t<\/div>\n\t\t\t\t<\/div>\n\t\t\t\t<div class=\"elementor-element elementor-element-c488a47 elementor-view-stacked elementor-shape-rounded elementor-position-inline-start elementor-mobile-position-inline-start elementor-widget elementor-widget-icon-box\" data-id=\"c488a47\" data-element_type=\"widget\" data-e-type=\"widget\" data-widget_type=\"icon-box.default\">\n\t\t\t\t<div class=\"elementor-widget-container\">\n\t\t\t\t\t\t\t<div class=\"elementor-icon-box-wrapper\">\n\n\t\t\t\t\t\t<div class=\"elementor-icon-box-icon\">\n\t\t\t\t<span  class=\"elementor-icon\">\n\t\t\t\t<svg aria-hidden=\"true\" class=\"e-font-icon-svg e-far-check-circle\" viewbox=\"0 0 512 512\" xmlns=\"http:\/\/www.w3.org\/2000\/svg\"><path d=\"M256 8C119.033 8 8 119.033 8 256s111.033 248 248 248 248-111.033 248-248S392.967 8 256 8zm0 48c110.532 0 200 89.451 200 200 0 110.532-89.451 200-200 200-110.532 0-200-89.451-200-200 0-110.532 89.451-200 200-200m140.204 130.267l-22.536-22.718c-4.667-4.705-12.265-4.736-16.97-.068L215.346 303.697l-59.792-60.277c-4.667-4.705-12.265-4.736-16.97-.069l-22.719 22.536c-4.705 4.667-4.736 12.265-.068 16.971l90.781 91.516c4.667 4.705 12.265 4.736 16.97.068l172.589-171.204c4.704-4.668 4.734-12.266.067-16.971z\"><\/path><\/svg>\t\t\t\t<\/span>\n\t\t\t<\/div>\n\t\t\t\n\t\t\t\t\t\t<div class=\"elementor-icon-box-content\">\n\n\t\t\t\t\n\t\t\t\t\t\t\t\t\t<p class=\"elementor-icon-box-description\">\n\t\t\t\t\t\tLa oferta educativa es de alta calidad y cuenta con profesores nativos para garantizar un aprendizaje del idioma superior.\t\t\t\t\t<\/p>\n\t\t\t\t\n\t\t\t<\/div>\n\t\t\t\n\t\t<\/div>\n\t\t\t\t\t\t<\/div>\n\t\t\t\t<\/div>\n\t\t\t\t<div class=\"elementor-element elementor-element-56a29a8 elementor-view-stacked elementor-shape-rounded elementor-position-inline-start elementor-mobile-position-inline-start elementor-widget elementor-widget-icon-box\" data-id=\"56a29a8\" data-element_type=\"widget\" data-e-type=\"widget\" data-widget_type=\"icon-box.default\">\n\t\t\t\t<div class=\"elementor-widget-container\">\n\t\t\t\t\t\t\t<div class=\"elementor-icon-box-wrapper\">\n\n\t\t\t\t\t\t<div class=\"elementor-icon-box-icon\">\n\t\t\t\t<span  class=\"elementor-icon\">\n\t\t\t\t<svg aria-hidden=\"true\" class=\"e-font-icon-svg e-far-check-circle\" viewbox=\"0 0 512 512\" xmlns=\"http:\/\/www.w3.org\/2000\/svg\"><path d=\"M256 8C119.033 8 8 119.033 8 256s111.033 248 248 248 248-111.033 248-248S392.967 8 256 8zm0 48c110.532 0 200 89.451 200 200 0 110.532-89.451 200-200 200-110.532 0-200-89.451-200-200 0-110.532 89.451-200 200-200m140.204 130.267l-22.536-22.718c-4.667-4.705-12.265-4.736-16.97-.068L215.346 303.697l-59.792-60.277c-4.667-4.705-12.265-4.736-16.97-.069l-22.719 22.536c-4.705 4.667-4.736 12.265-.068 16.971l90.781 91.516c4.667 4.705 12.265 4.736 16.97.068l172.589-171.204c4.704-4.668 4.734-12.266.067-16.971z\"><\/path><\/svg>\t\t\t\t<\/span>\n\t\t\t<\/div>\n\t\t\t\n\t\t\t\t\t\t<div class=\"elementor-icon-box-content\">\n\n\t\t\t\t\n\t\t\t\t\t\t\t\t\t<p class=\"elementor-icon-box-description\">\n\t\t\t\t\t\tNo se requiere demostrar dinero en la cuenta bancaria para aplicar a la visa, simplificando significativamente el proceso migratorio.\t\t\t\t\t<\/p>\n\t\t\t\t\n\t\t\t<\/div>\n\t\t\t\n\t\t<\/div>\n\t\t\t\t\t\t<\/div>\n\t\t\t\t<\/div>\n\t\t\t\t<div class=\"elementor-element elementor-element-18cf42d elementor-view-stacked elementor-shape-rounded elementor-position-inline-start elementor-mobile-position-inline-start elementor-widget elementor-widget-icon-box\" data-id=\"18cf42d\" data-element_type=\"widget\" data-e-type=\"widget\" data-widget_type=\"icon-box.default\">\n\t\t\t\t<div class=\"elementor-widget-container\">\n\t\t\t\t\t\t\t<div class=\"elementor-icon-box-wrapper\">\n\n\t\t\t\t\t\t<div class=\"elementor-icon-box-icon\">\n\t\t\t\t<span  class=\"elementor-icon\">\n\t\t\t\t<svg aria-hidden=\"true\" class=\"e-font-icon-svg e-far-check-circle\" viewbox=\"0 0 512 512\" xmlns=\"http:\/\/www.w3.org\/2000\/svg\"><path d=\"M256 8C119.033 8 8 119.033 8 256s111.033 248 248 248 248-111.033 248-248S392.967 8 256 8zm0 48c110.532 0 200 89.451 200 200 0 110.532-89.451 200-200 200-110.532 0-200-89.451-200-200 0-110.532 89.451-200 200-200m140.204 130.267l-22.536-22.718c-4.667-4.705-12.265-4.736-16.97-.068L215.346 303.697l-59.792-60.277c-4.667-4.705-12.265-4.736-16.97-.069l-22.719 22.536c-4.705 4.667-4.736 12.265-.068 16.971l90.781 91.516c4.667 4.705 12.265 4.736 16.97.068l172.589-171.204c4.704-4.668 4.734-12.266.067-16.971z\"><\/path><\/svg>\t\t\t\t<\/span>\n\t\t\t<\/div>\n\t\t\t\n\t\t\t\t\t\t<div class=\"elementor-icon-box-content\">\n\n\t\t\t\t\n\t\t\t\t\t\t\t\t\t<p class=\"elementor-icon-box-description\">\n\t\t\t\t\t\tEl entorno es multicultural y posee un sistema de transporte eficiente que incluye metro, autobuses, tranv\u00edas y taxis modernos.\t\t\t\t\t<\/p>\n\t\t\t\t\n\t\t\t<\/div>\n\t\t\t\n\t\t<\/div>\n\t\t\t\t\t\t<\/div>\n\t\t\t\t<\/div>\n\t\t\t\t<\/div>\n\t\t\t\t\t<\/div>\n\t\t\t\t<\/div>\n\t\t<div class=\"wd-negative-gap elementor-element elementor-element-f76d9aa e-flex e-con-boxed e-con e-parent\" data-id=\"f76d9aa\" data-element_type=\"container\" data-e-type=\"container\">\n\t\t\t\t\t<div class=\"e-con-inner\">\n\t\t<div class=\"elementor-element elementor-element-726806a e-con-full e-flex e-con e-child\" data-id=\"726806a\" data-element_type=\"container\" data-e-type=\"container\">\n\t\t\t\t<div class=\"elementor-element elementor-element-e0f126c wd-width-100 elementor-widget elementor-widget-wd_title\" data-id=\"e0f126c\" data-element_type=\"widget\" data-e-type=\"widget\" data-widget_type=\"wd_title.default\">\n\t\t\t\t<div class=\"elementor-widget-container\">\n\t\t\t\t\t\t\t<div class=\"title-wrapper wd-set-mb reset-last-child wd-title-color-default wd-title-style-default wd-title-size-large text-center\">\n\n\t\t\t\t\t\t\t\t\t\t\t<div class=\"title-subtitle subtitle-color-default subtitle-style-default wd-fontsize-xs\">\n\t\t\t\t\tWHERE TO STUDY?\t\t\t\t<\/div>\n\t\t\t\n\t\t\t<div class=\"liner-continer\">\n\t\t\t\t<h2 class=\"woodmart-title-container title wd-fontsize-xxl\">Main Cities<br \/>\n<\/h2> \n\t\t\t\t\t\t\t<\/div>\n\n\t\t\t\t\t<\/div>\n\t\t\t\t\t\t<\/div>\n\t\t\t\t<\/div>\n\t\t<div class=\"elementor-element elementor-element-c2f6c26 e-con-full e-grid e-con e-child\" data-id=\"c2f6c26\" data-element_type=\"container\" data-e-type=\"container\" data-settings=\"{&quot;background_background&quot;:&quot;classic&quot;}\">\n\t\t<div class=\"elementor-element elementor-element-17d9dbb e-con-full e-flex elementor-invisible e-con e-child\" data-id=\"17d9dbb\" data-element_type=\"container\" data-e-type=\"container\" data-settings=\"{&quot;background_background&quot;:&quot;classic&quot;,&quot;animation&quot;:&quot;fadeInLeft&quot;}\">\n\t\t\t\t<\/div>\n\t\t<div class=\"elementor-element elementor-element-6ac2edb e-con-full e-flex elementor-invisible e-con e-child\" data-id=\"6ac2edb\" data-element_type=\"container\" data-e-type=\"container\" data-settings=\"{&quot;animation&quot;:&quot;fadeInRight&quot;}\">\n\t\t\t\t<div class=\"elementor-element elementor-element-a3f8c46 wd-width-100 elementor-widget elementor-widget-wd_title\" data-id=\"a3f8c46\" data-element_type=\"widget\" data-e-type=\"widget\" data-widget_type=\"wd_title.default\">\n\t\t\t\t<div class=\"elementor-widget-container\">\n\t\t\t\t\t\t\t<div class=\"title-wrapper wd-set-mb reset-last-child wd-title-color-default wd-title-style-default wd-title-size-default text-left\">\n\n\t\t\t\n\t\t\t<div class=\"liner-continer\">\n\t\t\t\t<h3 class=\"woodmart-title-container title wd-fontsize-l\">Dubai<\/h3> \n\t\t\t\t\t\t\t<\/div>\n\n\t\t\t\t\t\t\t<div class=\"title-after_title reset-last-child wd-fontsize-xs\">\n\t\t\t\t\tUbicada en el golfo P\u00e9rsico, Dub\u00e1i es la ciudad m\u00e1s grande de los Emiratos \u00c1rabes Unidos y se encuentra dividida por el canal Dub\u00e1i Creek. Al norte de esta divisi\u00f3n destacan los tradicionales zocos de oro y especias, mientras que el sur cuenta con una marcada influencia cultural india. Por su parte, la zona de Jumeirah se ha consolidado como el \u00e1rea residencial preferida por los extranjeros gracias a su excelente oferta de viviendas y servicios educativos.\t\t\t\t<\/div>\n\t\t\t\t\t<\/div>\n\t\t\t\t\t\t<\/div>\n\t\t\t\t<\/div>\n\t\t<div class=\"elementor-element elementor-element-39bb61f e-con-full e-flex e-con e-child\" data-id=\"39bb61f\" data-element_type=\"container\" data-e-type=\"container\">\n\t\t\t\t<div class=\"elementor-element elementor-element-95880ff elementor-view-stacked elementor-shape-rounded elementor-position-inline-start elementor-mobile-position-inline-start elementor-widget elementor-widget-icon-box\" data-id=\"95880ff\" data-element_type=\"widget\" data-e-type=\"widget\" data-widget_type=\"icon-box.default\">\n\t\t\t\t<div class=\"elementor-widget-container\">\n\t\t\t\t\t\t\t<div class=\"elementor-icon-box-wrapper\">\n\n\t\t\t\t\t\t<div class=\"elementor-icon-box-icon\">\n\t\t\t\t<span  class=\"elementor-icon\">\n\t\t\t\t<svg aria-hidden=\"true\" class=\"e-font-icon-svg e-fas-cloud-sun-rain\" viewbox=\"0 0 576 512\" xmlns=\"http:\/\/www.w3.org\/2000\/svg\"><path d=\"M510.5 225.5c-6.9-37.2-39.3-65.5-78.5-65.5-12.3 0-23.9 3-34.3 8-17.4-24.1-45.6-40-77.7-40-53 0-96 43-96 96 0 .5.2 1.1.2 1.6C187.6 233 160 265.2 160 304c0 44.2 35.8 80 80 80h256c44.2 0 80-35.8 80-80 0-39.2-28.2-71.7-65.5-78.5zm-386.4 34.4c-37.4-37.4-37.4-98.3 0-135.8 34.6-34.6 89.1-36.8 126.7-7.4 20-12.9 43.6-20.7 69.2-20.7.7 0 1.3.2 2 .2l8.9-26.7c3.4-10.2-6.3-19.8-16.5-16.4l-75.3 25.1-35.5-71c-4.8-9.6-18.5-9.6-23.3 0l-35.5 71-75.3-25.1c-10.2-3.4-19.8 6.3-16.4 16.5l25.1 75.3-71 35.5c-9.6 4.8-9.6 18.5 0 23.3l71 35.5-25.1 75.3c-3.4 10.2 6.3 19.8 16.5 16.5l59.2-19.7c-.2-2.4-.7-4.7-.7-7.2 0-12.5 2.3-24.5 6.2-35.9-3.6-2.7-7.1-5.2-10.2-8.3zm69.8-58c4.3-24.5 15.8-46.4 31.9-64-9.8-6.2-21.4-9.9-33.8-9.9-35.3 0-64 28.7-64 64 0 18.7 8.2 35.4 21.1 47.1 11.3-15.9 26.6-28.9 44.8-37.2zm330.6 216.2c-7.6-4.3-17.4-1.8-21.8 6l-36.6 64c-4.4 7.7-1.7 17.4 6 21.8 2.5 1.4 5.2 2.1 7.9 2.1 5.5 0 10.9-2.9 13.9-8.1l36.6-64c4.3-7.7 1.7-17.4-6-21.8zm-96 0c-7.6-4.3-17.4-1.8-21.8 6l-36.6 64c-4.4 7.7-1.7 17.4 6 21.8 2.5 1.4 5.2 2.1 7.9 2.1 5.5 0 10.9-2.9 13.9-8.1l36.6-64c4.3-7.7 1.7-17.4-6-21.8zm-96 0c-7.6-4.3-17.4-1.8-21.8 6l-36.6 64c-4.4 7.7-1.7 17.4 6 21.8 2.5 1.4 5.2 2.1 7.9 2.1 5.5 0 10.9-2.9 13.9-8.1l36.6-64c4.3-7.7 1.7-17.4-6-21.8zm-96 0c-7.6-4.3-17.4-1.8-21.8 6l-36.6 64c-4.4 7.7-1.7 17.4 6 21.8 2.5 1.4 5.2 2.1 7.9 2.1 5.5 0 10.9-2.9 13.9-8.1l36.6-64c4.3-7.7 1.7-17.4-6-21.8z\"><\/path><\/svg>\t\t\t\t<\/span>\n\t\t\t<\/div>\n\t\t\t\n\t\t\t\t\t\t<div class=\"elementor-icon-box-content\">\n\n\t\t\t\t\t\t\t\t\t<h3 class=\"elementor-icon-box-title\">\n\t\t\t\t\t\t<span  >\n\t\t\t\t\t\t\tWeather\t\t\t\t\t\t<\/span>\n\t\t\t\t\t<\/h3>\n\t\t\t\t\n\t\t\t\t\t\t\t\t\t<p class=\"elementor-icon-box-description\">\n\t\t\t\t\t\t(Minimum 14 - Maximum 41 \u00baC | \u00baF)\t\t\t\t\t<\/p>\n\t\t\t\t\n\t\t\t<\/div>\n\t\t\t\n\t\t<\/div>\n\t\t\t\t\t\t<\/div>\n\t\t\t\t<\/div>\n\t\t\t\t<div class=\"elementor-element elementor-element-c89ec09 elementor-view-stacked elementor-shape-rounded elementor-position-inline-start elementor-mobile-position-inline-start elementor-widget elementor-widget-icon-box\" data-id=\"c89ec09\" data-element_type=\"widget\" data-e-type=\"widget\" data-widget_type=\"icon-box.default\">\n\t\t\t\t<div class=\"elementor-widget-container\">\n\t\t\t\t\t\t\t<div class=\"elementor-icon-box-wrapper\">\n\n\t\t\t\t\t\t<div class=\"elementor-icon-box-icon\">\n\t\t\t\t<span  class=\"elementor-icon\">\n\t\t\t\t<svg aria-hidden=\"true\" class=\"e-font-icon-svg e-fas-cloud-sun-rain\" viewbox=\"0 0 576 512\" xmlns=\"http:\/\/www.w3.org\/2000\/svg\"><path d=\"M510.5 225.5c-6.9-37.2-39.3-65.5-78.5-65.5-12.3 0-23.9 3-34.3 8-17.4-24.1-45.6-40-77.7-40-53 0-96 43-96 96 0 .5.2 1.1.2 1.6C187.6 233 160 265.2 160 304c0 44.2 35.8 80 80 80h256c44.2 0 80-35.8 80-80 0-39.2-28.2-71.7-65.5-78.5zm-386.4 34.4c-37.4-37.4-37.4-98.3 0-135.8 34.6-34.6 89.1-36.8 126.7-7.4 20-12.9 43.6-20.7 69.2-20.7.7 0 1.3.2 2 .2l8.9-26.7c3.4-10.2-6.3-19.8-16.5-16.4l-75.3 25.1-35.5-71c-4.8-9.6-18.5-9.6-23.3 0l-35.5 71-75.3-25.1c-10.2-3.4-19.8 6.3-16.4 16.5l25.1 75.3-71 35.5c-9.6 4.8-9.6 18.5 0 23.3l71 35.5-25.1 75.3c-3.4 10.2 6.3 19.8 16.5 16.5l59.2-19.7c-.2-2.4-.7-4.7-.7-7.2 0-12.5 2.3-24.5 6.2-35.9-3.6-2.7-7.1-5.2-10.2-8.3zm69.8-58c4.3-24.5 15.8-46.4 31.9-64-9.8-6.2-21.4-9.9-33.8-9.9-35.3 0-64 28.7-64 64 0 18.7 8.2 35.4 21.1 47.1 11.3-15.9 26.6-28.9 44.8-37.2zm330.6 216.2c-7.6-4.3-17.4-1.8-21.8 6l-36.6 64c-4.4 7.7-1.7 17.4 6 21.8 2.5 1.4 5.2 2.1 7.9 2.1 5.5 0 10.9-2.9 13.9-8.1l36.6-64c4.3-7.7 1.7-17.4-6-21.8zm-96 0c-7.6-4.3-17.4-1.8-21.8 6l-36.6 64c-4.4 7.7-1.7 17.4 6 21.8 2.5 1.4 5.2 2.1 7.9 2.1 5.5 0 10.9-2.9 13.9-8.1l36.6-64c4.3-7.7 1.7-17.4-6-21.8zm-96 0c-7.6-4.3-17.4-1.8-21.8 6l-36.6 64c-4.4 7.7-1.7 17.4 6 21.8 2.5 1.4 5.2 2.1 7.9 2.1 5.5 0 10.9-2.9 13.9-8.1l36.6-64c4.3-7.7 1.7-17.4-6-21.8zm-96 0c-7.6-4.3-17.4-1.8-21.8 6l-36.6 64c-4.4 7.7-1.7 17.4 6 21.8 2.5 1.4 5.2 2.1 7.9 2.1 5.5 0 10.9-2.9 13.9-8.1l36.6-64c4.3-7.7 1.7-17.4-6-21.8z\"><\/path><\/svg>\t\t\t\t<\/span>\n\t\t\t<\/div>\n\t\t\t\n\t\t\t\t\t\t<div class=\"elementor-icon-box-content\">\n\n\t\t\t\t\t\t\t\t\t<h3 class=\"elementor-icon-box-title\">\n\t\t\t\t\t\t<span  >\n\t\t\t\t\t\t\tTransportation\t\t\t\t\t\t<\/span>\n\t\t\t\t\t<\/h3>\n\t\t\t\t\n\t\t\t\t\t\t\t\t\t<p class=\"elementor-icon-box-description\">\n\t\t\t\t\t\tBus - Tramway - Taxi - Water Taxi\t\t\t\t\t<\/p>\n\t\t\t\t\n\t\t\t<\/div>\n\t\t\t\n\t\t<\/div>\n\t\t\t\t\t\t<\/div>\n\t\t\t\t<\/div>\n\t\t\t\t<div class=\"elementor-element elementor-element-1a1643d elementor-view-stacked elementor-shape-rounded elementor-position-inline-start elementor-mobile-position-inline-start elementor-widget elementor-widget-icon-box\" data-id=\"1a1643d\" data-element_type=\"widget\" data-e-type=\"widget\" data-widget_type=\"icon-box.default\">\n\t\t\t\t<div class=\"elementor-widget-container\">\n\t\t\t\t\t\t\t<div class=\"elementor-icon-box-wrapper\">\n\n\t\t\t\t\t\t<div class=\"elementor-icon-box-icon\">\n\t\t\t\t<span  class=\"elementor-icon\">\n\t\t\t\t<svg aria-hidden=\"true\" class=\"e-font-icon-svg e-fas-cloud-sun-rain\" viewbox=\"0 0 576 512\" xmlns=\"http:\/\/www.w3.org\/2000\/svg\"><path d=\"M510.5 225.5c-6.9-37.2-39.3-65.5-78.5-65.5-12.3 0-23.9 3-34.3 8-17.4-24.1-45.6-40-77.7-40-53 0-96 43-96 96 0 .5.2 1.1.2 1.6C187.6 233 160 265.2 160 304c0 44.2 35.8 80 80 80h256c44.2 0 80-35.8 80-80 0-39.2-28.2-71.7-65.5-78.5zm-386.4 34.4c-37.4-37.4-37.4-98.3 0-135.8 34.6-34.6 89.1-36.8 126.7-7.4 20-12.9 43.6-20.7 69.2-20.7.7 0 1.3.2 2 .2l8.9-26.7c3.4-10.2-6.3-19.8-16.5-16.4l-75.3 25.1-35.5-71c-4.8-9.6-18.5-9.6-23.3 0l-35.5 71-75.3-25.1c-10.2-3.4-19.8 6.3-16.4 16.5l25.1 75.3-71 35.5c-9.6 4.8-9.6 18.5 0 23.3l71 35.5-25.1 75.3c-3.4 10.2 6.3 19.8 16.5 16.5l59.2-19.7c-.2-2.4-.7-4.7-.7-7.2 0-12.5 2.3-24.5 6.2-35.9-3.6-2.7-7.1-5.2-10.2-8.3zm69.8-58c4.3-24.5 15.8-46.4 31.9-64-9.8-6.2-21.4-9.9-33.8-9.9-35.3 0-64 28.7-64 64 0 18.7 8.2 35.4 21.1 47.1 11.3-15.9 26.6-28.9 44.8-37.2zm330.6 216.2c-7.6-4.3-17.4-1.8-21.8 6l-36.6 64c-4.4 7.7-1.7 17.4 6 21.8 2.5 1.4 5.2 2.1 7.9 2.1 5.5 0 10.9-2.9 13.9-8.1l36.6-64c4.3-7.7 1.7-17.4-6-21.8zm-96 0c-7.6-4.3-17.4-1.8-21.8 6l-36.6 64c-4.4 7.7-1.7 17.4 6 21.8 2.5 1.4 5.2 2.1 7.9 2.1 5.5 0 10.9-2.9 13.9-8.1l36.6-64c4.3-7.7 1.7-17.4-6-21.8zm-96 0c-7.6-4.3-17.4-1.8-21.8 6l-36.6 64c-4.4 7.7-1.7 17.4 6 21.8 2.5 1.4 5.2 2.1 7.9 2.1 5.5 0 10.9-2.9 13.9-8.1l36.6-64c4.3-7.7 1.7-17.4-6-21.8zm-96 0c-7.6-4.3-17.4-1.8-21.8 6l-36.6 64c-4.4 7.7-1.7 17.4 6 21.8 2.5 1.4 5.2 2.1 7.9 2.1 5.5 0 10.9-2.9 13.9-8.1l36.6-64c4.3-7.7 1.7-17.4-6-21.8z\"><\/path><\/svg>\t\t\t\t<\/span>\n\t\t\t<\/div>\n\t\t\t\n\t\t\t\t\t\t<div class=\"elementor-icon-box-content\">\n\n\t\t\t\t\t\t\t\t\t<h3 class=\"elementor-icon-box-title\">\n\t\t\t\t\t\t<span  >\n\t\t\t\t\t\t\tActivity highlights\t\t\t\t\t\t<\/span>\n\t\t\t\t\t<\/h3>\n\t\t\t\t\n\t\t\t\t\t\t\t\t\t<p class=\"elementor-icon-box-description\">\n\t\t\t\t\t\tVisitar el Mocca (Museum of Contemporary Canadian Art ) sus murales, pasear y tomar cafe por Eaton Centre, que es un impresionante centro comercial. Caminar por Street Art Queen W que es la de los bares y conciertos, pero tambi\u00e9n es donde m\u00e1s arte callejero hay y disfrutar de conciertos de Country en el Cameron House. Hay conciertos diarios gratuitos\t\t\t\t\t<\/p>\n\t\t\t\t\n\t\t\t<\/div>\n\t\t\t\n\t\t<\/div>\n\t\t\t\t\t\t<\/div>\n\t\t\t\t<\/div>\n\t\t\t\t<\/div>\n\t\t\t\t<\/div>\n\t\t\t\t<\/div>\n\t\t\t\t<\/div>\n\t\t\t\t\t<\/div>\n\t\t\t\t<\/div>\n\t\t\t\t<\/div>","protected":false},"excerpt":{"rendered":"<p>Estudia en Emiratos \u00c1rabes Ventajas exclusivas \u00bf\u00adPor qu\u00e9 estudiar en Emiratos \u00c1rabes? Existen muchas oportunidades de trabajo para que los<\/p>","protected":false},"author":1,"featured_media":0,"parent":0,"menu_order":0,"comment_status":"closed","ping_status":"closed","template":"elementor_header_footer","meta":{"footnotes":""},"class_list":["post-1352","page","type-page","status-publish","hentry"],"_links":{"self":[{"href":"https:\/\/globalstudies.globalexperience.com.pe\/en\/wp-json\/wp\/v2\/pages\/1352","targetHints":{"allow":["GET"]}}],"collection":[{"href":"https:\/\/globalstudies.globalexperience.com.pe\/en\/wp-json\/wp\/v2\/pages"}],"about":[{"href":"https:\/\/globalstudies.globalexperience.com.pe\/en\/wp-json\/wp\/v2\/types\/page"}],"author":[{"embeddable":true,"href":"https:\/\/globalstudies.globalexperience.com.pe\/en\/wp-json\/wp\/v2\/users\/1"}],"replies":[{"embeddable":true,"href":"https:\/\/globalstudies.globalexperience.com.pe\/en\/wp-json\/wp\/v2\/comments?post=1352"}],"version-history":[{"count":37,"href":"https:\/\/globalstudies.globalexperience.com.pe\/en\/wp-json\/wp\/v2\/pages\/1352\/revisions"}],"predecessor-version":[{"id":8785,"href":"https:\/\/globalstudies.globalexperience.com.pe\/en\/wp-json\/wp\/v2\/pages\/1352\/revisions\/8785"}],"wp:attachment":[{"href":"https:\/\/globalstudies.globalexperience.com.pe\/en\/wp-json\/wp\/v2\/media?parent=1352"}],"curies":[{"name":"wp","href":"https:\/\/api.w.org\/{rel}","templated":true}]}}